{"id":470,"date":"2023-04-29T06:46:50","date_gmt":"2023-04-29T06:46:50","guid":{"rendered":"https:\/\/enmonnekretnine.rs\/?post_type=product&#038;p=470"},"modified":"2023-06-16T13:08:54","modified_gmt":"2023-06-16T13:08:54","slug":"cetvorosoban-stan-ii-sprat-97-1-m2","status":"publish","type":"product","link":"https:\/\/enmonnekretnine.rs\/index.php\/product\/cetvorosoban-stan-ii-sprat-97-1-m2\/","title":{"rendered":"\u010cetvorosoban stan II sprat 97.1 m2"},"content":{"rendered":"<p>U mirnom kraju Dor\u0107ola, na samo nekoliko minuta hoda od centra grada, ovaj izuzetni \u010detvorosoban stan predstavlja fantasti\u010dan spoj klasi\u010dne arhitekture sa savremenim detaljima koji pristaju modernom na\u010dinu \u017eivota. Savr\u0161en za sve one koji cene pa\u017enju posve\u0107enu detaljima i tihi luksuz.<\/p>\n<p>Sme\u0161ten na drugom spratu, stan je potpuno funkcionalan i opremljen kako bi obezbedio maksimalan komfor i do\u017eivljaj. Iz elegantnog hodnika se ulazi pravo u prostranu dnevnu sobu sa trpezarijom, koja \u0107e vas odu\u0161eviti prostranim i simetri\u010dnim izgledom. Vrhunska keramika, modernog dizajna i najvi\u0161eg kvaliteta upotpunjuje harmoni\u010dnu celinu kuhinje i kupatila. Dva kupatila i kuhinja imaju ugra\u0111en najmoderniji sistem podnog grejanja.<\/p>\n<p>Pored keramike renomiranog italijanskog proizvo\u0111a\u010da, Marazzi, kupatila su opremljena sanitarijama najpoznatijih svetskih brendova Villeroy&amp;Boch i Grohe. Veliki prozori u svim prostorijama omogu\u0107avaju vam da u\u017eivate u prirodnom svetlu tokom celog dana. Stan poseduje moderne LG klima ure\u0111aje i smart opremu HDL za regulaciju klima ure\u0111aja, roletni i rasvete, \u010dime kvalitet svakodnevnog boravka podi\u017ee na znatno vi\u0161i nivo.\u00a0Dve prostrane terase \u0107e biti va\u0161e omiljeno vreme za odmor tokom lepih sun\u010danih dana.\u00a0Kako bi zaokru\u017eio ovu skladnu celinu, ista\u010dnu dozu prefinjenosti donosi vi\u0161eslojni parket od hrastovog drveta.<\/p>\n<p><a href=\"https:\/\/enmonnekretnine.rs\/index.php\/dorcol-dubrovacka\/\"><button style=\"background-color: #ffc132; color: #fff; border-radius: 0;\">Ponuda Dor\u0107ol<\/button><\/a><\/p>\n","protected":false},"excerpt":{"rendered":"<p>Sme\u0161ten na drugom spratu, stan je potpuno funkcionalan i opremljen kako bi obezbedio maksimalan komfor i do\u017eivljaj. Iz elegantnog hodnika se ulazi pravo u prostranu dnevnu sobu sa trpezarijom, koja \u0107e vas odu\u0161eviti prostranim i simetri\u010dnim izgledom.<\/p>\n<p>&nbsp;<\/p>\n<p>&nbsp;<\/p>\n<section class=\"call-buton\"><a class=\"cc-calto-action-ripple\" href=\"tel:+381 63 800 08 00\"><i class=\"fa fa-phone\"><\/i><span class=\"num\">Pozovite odmah<\/span><br \/>\n<\/a><\/section>\n","protected":false},"featured_media":347,"comment_status":"open","ping_status":"closed","template":"","meta":{"_mi_skip_tracking":false,"_monsterinsights_sitenote_active":false,"_monsterinsights_sitenote_note":"","_monsterinsights_sitenote_category":0},"product_cat":[19],"product_tag":[],"class_list":["post-470","product","type-product","status-publish","has-post-thumbnail","hentry","product_cat-dorcol-dubrovacka"],"aioseo_notices":[],"_links":{"self":[{"href":"https:\/\/enmonnekretnine.rs\/index.php\/wp-json\/wp\/v2\/product\/470","targetHints":{"allow":["GET"]}}],"collection":[{"href":"https:\/\/enmonnekretnine.rs\/index.php\/wp-json\/wp\/v2\/product"}],"about":[{"href":"https:\/\/enmonnekretnine.rs\/index.php\/wp-json\/wp\/v2\/types\/product"}],"replies":[{"embeddable":true,"href":"https:\/\/enmonnekretnine.rs\/index.php\/wp-json\/wp\/v2\/comments?post=470"}],"wp:featuredmedia":[{"embeddable":true,"href":"https:\/\/enmonnekretnine.rs\/index.php\/wp-json\/wp\/v2\/media\/347"}],"wp:attachment":[{"href":"https:\/\/enmonnekretnine.rs\/index.php\/wp-json\/wp\/v2\/media?parent=470"}],"wp:term":[{"taxonomy":"product_cat","embeddable":true,"href":"https:\/\/enmonnekretnine.rs\/index.php\/wp-json\/wp\/v2\/product_cat?post=470"},{"taxonomy":"product_tag","embeddable":true,"href":"https:\/\/enmonnekretnine.rs\/index.php\/wp-json\/wp\/v2\/product_tag?post=470"}],"curies":[{"name":"wp","href":"https:\/\/api.w.org\/{rel}","templated":true}]}}