{"id":29,"date":"2023-04-20T12:46:54","date_gmt":"2023-04-20T12:46:54","guid":{"rendered":"https:\/\/enmonnekretnine.rs\/?page_id=29"},"modified":"2023-09-29T09:55:56","modified_gmt":"2023-09-29T09:55:56","slug":"prodaja","status":"publish","type":"page","link":"https:\/\/enmonnekretnine.rs\/index.php\/prodaja\/","title":{"rendered":"Prodaja"},"content":{"rendered":"\t\t<div data-elementor-type=\"wp-page\" data-elementor-id=\"29\" class=\"elementor elementor-29\" data-elementor-post-type=\"page\">\n\t\t\t\t\t\t\t\t\t<section class=\"elementor-section elementor-top-section elementor-element elementor-element-f53b0f4 elementor-section-full_width elementor-section-height-min-height elementor-section-height-default elementor-section-items-middle\" data-id=\"f53b0f4\" data-element_type=\"section\" data-settings=\"{&quot;background_background&quot;:&quot;classic&quot;}\">\n\t\t\t\t\t\t\t<div class=\"elementor-background-overlay\"><\/div>\n\t\t\t\t\t\t\t<div class=\"elementor-container elementor-column-gap-default\">\n\t\t\t\t\t<div class=\"elementor-column elementor-col-25 elementor-top-column elementor-element elementor-element-5ea85cb\" data-id=\"5ea85cb\" data-element_type=\"column\">\n\t\t\t<div class=\"elementor-widget-wrap\">\n\t\t\t\t\t\t\t\t\t<\/div>\n\t\t<\/div>\n\t\t\t\t<div class=\"elementor-column elementor-col-50 elementor-top-column elementor-element elementor-element-0b38314\" data-id=\"0b38314\" data-element_type=\"column\">\n\t\t\t<div class=\"elementor-widget-wrap elementor-element-populated\">\n\t\t\t\t\t\t\t\t<div class=\"elementor-element elementor-element-cc92b13 elementor-widget elementor-widget-heading\" data-id=\"cc92b13\" data-element_type=\"widget\" data-widget_type=\"heading.default\">\n\t\t\t\t<div class=\"elementor-widget-container\">\n\t\t\t<style>\/*! elementor - v3.17.0 - 08-11-2023 *\/\n.elementor-heading-title{padding:0;margin:0;line-height:1}.elementor-widget-heading .elementor-heading-title[class*=elementor-size-]>a{color:inherit;font-size:inherit;line-height:inherit}.elementor-widget-heading .elementor-heading-title.elementor-size-small{font-size:15px}.elementor-widget-heading .elementor-heading-title.elementor-size-medium{font-size:19px}.elementor-widget-heading .elementor-heading-title.elementor-size-large{font-size:29px}.elementor-widget-heading .elementor-heading-title.elementor-size-xl{font-size:39px}.elementor-widget-heading .elementor-heading-title.elementor-size-xxl{font-size:59px}<\/style><h1 class=\"elementor-heading-title elementor-size-default\">Prodaja<\/h1>\t\t<\/div>\n\t\t\t\t<\/div>\n\t\t\t\t\t<\/div>\n\t\t<\/div>\n\t\t\t\t<div class=\"elementor-column elementor-col-25 elementor-top-column elementor-element elementor-element-09c9519\" data-id=\"09c9519\" data-element_type=\"column\">\n\t\t\t<div class=\"elementor-widget-wrap\">\n\t\t\t\t\t\t\t\t\t<\/div>\n\t\t<\/div>\n\t\t\t\t\t\t\t<\/div>\n\t\t<\/section>\n\t\t\t\t<section class=\"elementor-section elementor-top-section elementor-element elementor-element-3a17a1a elementor-section-boxed elementor-section-height-default elementor-section-height-default\" data-id=\"3a17a1a\" data-element_type=\"section\">\n\t\t\t\t\t\t<div class=\"elementor-container elementor-column-gap-default\">\n\t\t\t\t\t<div class=\"elementor-column elementor-col-100 elementor-top-column elementor-element elementor-element-183c090\" data-id=\"183c090\" data-element_type=\"column\">\n\t\t\t<div class=\"elementor-widget-wrap elementor-element-populated\">\n\t\t\t\t\t\t\t\t<div class=\"elementor-element elementor-element-eb079b5 elementor-widget elementor-widget-text-editor\" data-id=\"eb079b5\" data-element_type=\"widget\" data-widget_type=\"text-editor.default\">\n\t\t\t\t<div class=\"elementor-widget-container\">\n\t\t\t<style>\/*! elementor - v3.17.0 - 08-11-2023 *\/\n.elementor-widget-text-editor.elementor-drop-cap-view-stacked .elementor-drop-cap{background-color:#69727d;color:#fff}.elementor-widget-text-editor.elementor-drop-cap-view-framed .elementor-drop-cap{color:#69727d;border:3px solid;background-color:transparent}.elementor-widget-text-editor:not(.elementor-drop-cap-view-default) .elementor-drop-cap{margin-top:8px}.elementor-widget-text-editor:not(.elementor-drop-cap-view-default) .elementor-drop-cap-letter{width:1em;height:1em}.elementor-widget-text-editor .elementor-drop-cap{float:left;text-align:center;line-height:1;font-size:50px}.elementor-widget-text-editor .elementor-drop-cap-letter{display:inline-block}<\/style>\t\t\t\t<p>Stambeni prostor\u00a0<strong>Dubrova\u010dka\u00a0<\/strong>na Dor\u0107olu projektovan je tako da odgovara raznim \u017eivotnim stilovima, obezbe\u0111uju\u0107i udobnost i komfor u urbanom delu grada, uz istovremeni ose\u0107aj privatnosti i funkcionalnost. Blizina Dunavskog keja, mesto bez gradske buke na kome Vas i va\u0161u porodicu o\u010dekuje miran \u017eivot na svega nekoliko minuta hoda od najva\u017enijih znamenitosti Starog grada. Stambene jedinice su strukturalno podeljene u kvadrature razli\u010ditih veli\u010dina, od dvoiposobnih do \u010detvorosobnih stanova. Moderne, komforne i jedinstvene stanove odlikuje savremena gradnja, izbor vrhunskih materijala, kao i visok nivo zavr\u0161ne obrade.<\/p><p><strong>Zlatibor Residence<\/strong>\u00a0moderna novogradnja, odli\u010dna lokacija kao i savremeni koncept stanovanja na najatraktivnijoj planini, u blizini medicinskog centra i bolnice \u010cigota, kod studentskog odmarali\u0161ta. Izgra\u0111en je po najvi\u0161im standardima gradnje, energetski je efikasan i poseduje energetski paso\u0161. Unutra\u0161njost zgrade odi\u0161e luksuzom i toplinom koju upotpunjuje hrastov parket kao i unutra\u0161nja stolarija koja je odra\u0111ena od punog drveta.<\/p>\t\t\t\t\t\t<\/div>\n\t\t\t\t<\/div>\n\t\t\t\t\t<\/div>\n\t\t<\/div>\n\t\t\t\t\t\t\t<\/div>\n\t\t<\/section>\n\t\t\t\t<section class=\"elementor-section elementor-top-section elementor-element elementor-element-379cec1 elementor-section-boxed elementor-section-height-default elementor-section-height-default\" data-id=\"379cec1\" data-element_type=\"section\">\n\t\t\t\t\t\t<div class=\"elementor-container elementor-column-gap-default\">\n\t\t\t\t\t<div class=\"elementor-column elementor-col-100 elementor-top-column elementor-element elementor-element-77d870e\" data-id=\"77d870e\" data-element_type=\"column\">\n\t\t\t<div class=\"elementor-widget-wrap elementor-element-populated\">\n\t\t\t\t\t\t\t\t<div class=\"elementor-element elementor-element-e821775 elementor-widget elementor-widget-heading\" data-id=\"e821775\" data-element_type=\"widget\" data-widget_type=\"heading.default\">\n\t\t\t\t<div class=\"elementor-widget-container\">\n\t\t\t<h2 class=\"elementor-heading-title elementor-size-default\">Ponuda stanova<\/h2>\t\t<\/div>\n\t\t\t\t<\/div>\n\t\t\t\t<section class=\"elementor-section elementor-inner-section elementor-element elementor-element-63290df elementor-section-boxed elementor-section-height-default elementor-section-height-default\" data-id=\"63290df\" data-element_type=\"section\">\n\t\t\t\t\t\t<div class=\"elementor-container elementor-column-gap-default\">\n\t\t\t\t\t<div class=\"make-column-clickable-elementor elementor-column elementor-col-33 elementor-inner-column elementor-element elementor-element-73c65df\" style=\"cursor: pointer;\" data-column-clickable=\"https:\/\/enmonnekretnine.rs\/index.php\/zlatibor-residence\/\" data-column-clickable-blank=\"_self\" data-id=\"73c65df\" data-element_type=\"column\">\n\t\t\t<div class=\"elementor-widget-wrap elementor-element-populated\">\n\t\t\t\t\t\t\t\t<div class=\"elementor-element elementor-element-3347ac4 elementor-widget elementor-widget-image\" data-id=\"3347ac4\" data-element_type=\"widget\" data-widget_type=\"image.default\">\n\t\t\t\t<div class=\"elementor-widget-container\">\n\t\t\t<style>\/*! elementor - v3.17.0 - 08-11-2023 *\/\n.elementor-widget-image{text-align:center}.elementor-widget-image a{display:inline-block}.elementor-widget-image a img[src$=\".svg\"]{width:48px}.elementor-widget-image img{vertical-align:middle;display:inline-block}<\/style>\t\t\t\t\t\t\t\t\t\t\t\t<img loading=\"lazy\" decoding=\"async\" width=\"560\" height=\"420\" src=\"https:\/\/enmonnekretnine.rs\/wp-content\/uploads\/2023\/04\/enmon-stanovi-zlatibor.jpg\" class=\"attachment-full size-full wp-image-123\" alt=\"\" srcset=\"https:\/\/enmonnekretnine.rs\/wp-content\/uploads\/2023\/04\/enmon-stanovi-zlatibor.jpg 560w, https:\/\/enmonnekretnine.rs\/wp-content\/uploads\/2023\/04\/enmon-stanovi-zlatibor-300x225.jpg 300w\" sizes=\"auto, (max-width: 560px) 100vw, 560px\" \/>\t\t\t\t\t\t\t\t\t\t\t\t\t\t\t<\/div>\n\t\t\t\t<\/div>\n\t\t\t\t<div class=\"elementor-element elementor-element-57008c2 elementor-widget elementor-widget-heading\" data-id=\"57008c2\" data-element_type=\"widget\" data-widget_type=\"heading.default\">\n\t\t\t\t<div class=\"elementor-widget-container\">\n\t\t\t<h2 class=\"elementor-heading-title elementor-size-default\">ZLATIBOR RESIDENCE<\/h2>\t\t<\/div>\n\t\t\t\t<\/div>\n\t\t\t\t\t<\/div>\n\t\t<\/div>\n\t\t\t\t<div class=\"make-column-clickable-elementor elementor-column elementor-col-33 elementor-inner-column elementor-element elementor-element-b212bda\" style=\"cursor: pointer;\" data-column-clickable=\"https:\/\/enmonnekretnine.rs\/index.php\/dorcol-dubrovacka\/\" data-column-clickable-blank=\"_self\" data-id=\"b212bda\" data-element_type=\"column\">\n\t\t\t<div class=\"elementor-widget-wrap elementor-element-populated\">\n\t\t\t\t\t\t\t\t<div class=\"elementor-element elementor-element-7ee66f3 elementor-widget elementor-widget-image\" data-id=\"7ee66f3\" data-element_type=\"widget\" data-widget_type=\"image.default\">\n\t\t\t\t<div class=\"elementor-widget-container\">\n\t\t\t\t\t\t\t\t\t\t\t\t\t\t\t<img loading=\"lazy\" decoding=\"async\" width=\"560\" height=\"420\" src=\"https:\/\/enmonnekretnine.rs\/wp-content\/uploads\/2023\/04\/enmon-stanovi-dorcol.jpg\" class=\"attachment-full size-full wp-image-122\" alt=\"\" srcset=\"https:\/\/enmonnekretnine.rs\/wp-content\/uploads\/2023\/04\/enmon-stanovi-dorcol.jpg 560w, https:\/\/enmonnekretnine.rs\/wp-content\/uploads\/2023\/04\/enmon-stanovi-dorcol-300x225.jpg 300w\" sizes=\"auto, (max-width: 560px) 100vw, 560px\" \/>\t\t\t\t\t\t\t\t\t\t\t\t\t\t\t<\/div>\n\t\t\t\t<\/div>\n\t\t\t\t<div class=\"elementor-element elementor-element-4371470 elementor-widget elementor-widget-heading\" data-id=\"4371470\" data-element_type=\"widget\" data-widget_type=\"heading.default\">\n\t\t\t\t<div class=\"elementor-widget-container\">\n\t\t\t<h2 class=\"elementor-heading-title elementor-size-default\">DOR\u0106OL DUBROVA\u010cKA<\/h2>\t\t<\/div>\n\t\t\t\t<\/div>\n\t\t\t\t\t<\/div>\n\t\t<\/div>\n\t\t\t\t<div class=\"make-column-clickable-elementor elementor-column elementor-col-33 elementor-inner-column elementor-element elementor-element-5288834\" style=\"cursor: pointer;\" data-column-clickable=\"https:\/\/enmonnekretnine.rs\/index.php\/novi-sad\/\" data-column-clickable-blank=\"_self\" data-id=\"5288834\" data-element_type=\"column\" data-settings=\"{&quot;background_background&quot;:&quot;classic&quot;}\">\n\t\t\t<div class=\"elementor-widget-wrap elementor-element-populated\">\n\t\t\t\t\t\t\t\t<div class=\"elementor-element elementor-element-15806b7 elementor-widget elementor-widget-image\" data-id=\"15806b7\" data-element_type=\"widget\" data-widget_type=\"image.default\">\n\t\t\t\t<div class=\"elementor-widget-container\">\n\t\t\t\t\t\t\t\t\t\t\t\t\t\t\t<img loading=\"lazy\" decoding=\"async\" width=\"560\" height=\"420\" src=\"https:\/\/enmonnekretnine.rs\/wp-content\/uploads\/2023\/09\/novogradnja-novi-sad-adice-560x420-1.jpg\" class=\"attachment-full size-full wp-image-1346\" alt=\"\" srcset=\"https:\/\/enmonnekretnine.rs\/wp-content\/uploads\/2023\/09\/novogradnja-novi-sad-adice-560x420-1.jpg 560w, https:\/\/enmonnekretnine.rs\/wp-content\/uploads\/2023\/09\/novogradnja-novi-sad-adice-560x420-1-300x225.jpg 300w\" sizes=\"auto, (max-width: 560px) 100vw, 560px\" \/>\t\t\t\t\t\t\t\t\t\t\t\t\t\t\t<\/div>\n\t\t\t\t<\/div>\n\t\t\t\t<div class=\"elementor-element elementor-element-ffa11d7 elementor-widget elementor-widget-heading\" data-id=\"ffa11d7\" data-element_type=\"widget\" data-widget_type=\"heading.default\">\n\t\t\t\t<div class=\"elementor-widget-container\">\n\t\t\t<h2 class=\"elementor-heading-title elementor-size-default\">NOVI SAD ADICE<\/h2>\t\t<\/div>\n\t\t\t\t<\/div>\n\t\t\t\t\t<\/div>\n\t\t<\/div>\n\t\t\t\t\t\t\t<\/div>\n\t\t<\/section>\n\t\t\t\t\t<\/div>\n\t\t<\/div>\n\t\t\t\t\t\t\t<\/div>\n\t\t<\/section>\n\t\t<div class=\"elementor-element elementor-element-46fba98 e-flex e-con-boxed e-con e-parent\" data-id=\"46fba98\" data-element_type=\"container\" data-settings=\"{&quot;content_width&quot;:&quot;boxed&quot;}\" data-core-v316-plus=\"true\">\n\t\t\t\t\t<div class=\"e-con-inner\">\n\t\t\t\t<div class=\"elementor-element elementor-element-ac16fa9 eael-product-gallery-column-4 elementor-widget elementor-widget-eael-woo-product-gallery\" data-id=\"ac16fa9\" data-element_type=\"widget\" data-widget_type=\"eael-woo-product-gallery.default\">\n\t\t\t\t<div class=\"elementor-widget-container\">\n\t\t\t\n        <div class=\"eael-product-gallery eael-product-preset-4 grid eael-terms-layout-horizontal\" id=\"eael-product-gallery\" data-widget-id=\"ac16fa9\" data-page-id=\"29\" data-nonce=\"68d25766b8\" >\n\t\t\t<ul class=\"eael-cat-tab\" data-layout=\"grid\" data-template={\"dir\":\"lite\",\"file_name\":\"default.php\",\"name\":\"Woo-Product-Gallery\"}  data-nonce=\"68d25766b8\" data-page-id=\"29\" data-widget-id=\"ac16fa9\" data-widget=\"ac16fa9\" data-class=\"Essential_Addons_Elementor\\Elements\\Woo_Product_Gallery\" data-args=\"post_type=product&post_status%5B0%5D=publish&post_status%5B1%5D=pending&post_status%5B2%5D=future&posts_per_page=20&order=desc&offset=0&tax_query%5Brelation%5D=AND&tax_query%5B0%5D%5Btaxonomy%5D=product_visibility&tax_query%5B0%5D%5Bfield%5D=name&tax_query%5B0%5D%5Bterms%5D%5B0%5D=exclude-from-search&tax_query%5B0%5D%5Bterms%5D%5B1%5D=exclude-from-catalog&tax_query%5B0%5D%5Boperator%5D=NOT+IN&tax_query%5B1%5D%5Brelation%5D=OR&tax_query%5B1%5D%5B0%5D%5Btaxonomy%5D=product_cat&tax_query%5B1%5D%5B0%5D%5Bfield%5D=term_id&tax_query%5B1%5D%5B0%5D%5Bterms%5D=19&tax_query%5B1%5D%5B0%5D%5Boperator%5D=IN&orderby=date&meta_query%5Brelation%5D=AND\" data-page=\"1\"><li><a href=\"javascript:;\" data-page=\"1\" data-taxonomy=\"product_cat\" data-terms=[\"dorcol-dubrovacka\"] data-id=\"19\" class=\"post-list-filter-item \">Dor\u0107ol dubrova\u010dka<\/a><\/li><li><a href=\"javascript:;\" data-page=\"1\" data-taxonomy=\"product_cat\" data-terms=[\"zlatibor-residence\"] data-id=\"20\" class=\"post-list-filter-item \">Zlatibor residence<\/a><\/li><li><a href=\"javascript:;\" data-page=\"1\" data-taxonomy=\"product_cat\" data-terms=[\"novi-sad\"] data-id=\"36\" class=\"post-list-filter-item \">Novi Sad<\/a><\/li><\/ul>\n            <div class=\"woocommerce\">\n\t\t\t\t<ul class=\"products eael-post-appender eael-post-appender-ac16fa9\" data-layout-mode=\"grid\" data-show-secondary-image=\"0\" >        <li class=\"product \">\n                        <div class=\"eael-product-wrap\" data-src=\"\" data-src-hover=\"\" >\n\t                        <img fetchpriority=\"high\" decoding=\"async\" width=\"1080\" height=\"1080\" src=\"https:\/\/enmonnekretnine.rs\/wp-content\/uploads\/2024\/02\/enmon-nekrtetnine-prodaja-stanova-stan-jedan-render-1.jpg\" class=\"attachment-full size-full\" alt=\"\" loading=\"eager\" \/><h2 class=\"woocommerce-loop-product__title\">Dvosoban stan \/ 77.02 m2 \/ Stan 3<\/h2><div class=\"eael-product-price\"><\/div>            <a href=\"https:\/\/enmonnekretnine.rs\/index.php\/product\/dvosoban-stan-77-02-m2-stan-3\/\" data-quantity=\"1\" class=\"button product_type_simple\" data-product_id=\"1402\" data-product_sku=\"\" aria-label=\"Read more about &ldquo;Dvosoban stan \/ 77.02 m2 \/ Stan 3&rdquo;\" aria-describedby=\"\" rel=\"nofollow\">Vi\u0161e o ponudi<\/a>            <\/div>\n        <\/li>\n                <li class=\"product \">\n                        <div class=\"eael-product-wrap\" data-src=\"\" data-src-hover=\"\" >\n\t                        <img decoding=\"async\" width=\"800\" height=\"800\" src=\"https:\/\/enmonnekretnine.rs\/wp-content\/uploads\/2023\/04\/CETVOROSOBAN_STAN_II_SPRAT_97.1_M2_v4.jpg\" class=\"attachment-full size-full\" alt=\"\" loading=\"eager\" \/><h2 class=\"woocommerce-loop-product__title\">\u010cetvorosoban stan III sprat 97.1 m2<\/h2><div class=\"eael-product-price\"><\/div>            <a href=\"https:\/\/enmonnekretnine.rs\/index.php\/product\/cetvorosoban-stan-iii-sprat-97-1-m2\/\" data-quantity=\"1\" class=\"button product_type_simple\" data-product_id=\"676\" data-product_sku=\"\" aria-label=\"Read more about &ldquo;\u010cetvorosoban stan III sprat 97.1 m2&rdquo;\" aria-describedby=\"\" rel=\"nofollow\">Vi\u0161e o ponudi<\/a>            <\/div>\n        <\/li>\n                <li class=\"product \">\n                        <div class=\"eael-product-wrap\" data-src=\"\" data-src-hover=\"\" >\n\t                        <img decoding=\"async\" width=\"800\" height=\"800\" src=\"https:\/\/enmonnekretnine.rs\/wp-content\/uploads\/2023\/04\/CETVOROSOBAN_STAN_II_SPRAT_97.1_M2_v4.jpg\" class=\"attachment-full size-full\" alt=\"\" loading=\"eager\" \/><h2 class=\"woocommerce-loop-product__title\">\u010cetvorosoban stan II sprat 97.1 m2<\/h2><div class=\"eael-product-price\"><\/div>            <a href=\"https:\/\/enmonnekretnine.rs\/index.php\/product\/cetvorosoban-stan-ii-sprat-97-1-m2\/\" data-quantity=\"1\" class=\"button product_type_simple\" data-product_id=\"470\" data-product_sku=\"\" aria-label=\"Read more about &ldquo;\u010cetvorosoban stan II sprat 97.1 m2&rdquo;\" aria-describedby=\"\" rel=\"nofollow\">Vi\u0161e o ponudi<\/a>            <\/div>\n        <\/li>\n                <li class=\"product \">\n                        <div class=\"eael-product-wrap\" data-src=\"\" data-src-hover=\"\" >\n\t                        <img decoding=\"async\" width=\"800\" height=\"800\" src=\"https:\/\/enmonnekretnine.rs\/wp-content\/uploads\/2023\/04\/CETVOROSOBAN_STAN_II_SPRAT_97.1_M2_v4.jpg\" class=\"attachment-full size-full\" alt=\"\" loading=\"eager\" \/><h2 class=\"woocommerce-loop-product__title\">\u010cetvorosoban stan I sprat 97.1 m2<\/h2><div class=\"eael-product-price\"><\/div>            <a href=\"https:\/\/enmonnekretnine.rs\/index.php\/product\/cetvorosoban-stan-i-sprat-97-1-m2\/\" data-quantity=\"1\" class=\"button product_type_simple\" data-product_id=\"342\" data-product_sku=\"\" aria-label=\"Read more about &ldquo;\u010cetvorosoban stan I sprat 97.1 m2&rdquo;\" aria-describedby=\"\" rel=\"nofollow\">Vi\u0161e o ponudi<\/a>            <\/div>\n        <\/li>\n        <\/ul>            <div class=\"eael-load-more-button-wrap eael-force-hide\">\n                <button class=\"hide-load-more eael-load-more-button\" id=\"eael-load-more-btn-ac16fa9\" data-widget-id=\"ac16fa9\" data-widget=\"ac16fa9\" data-page-id=\"29\" data-template=\"{&quot;dir&quot;:&quot;lite&quot;,&quot;file_name&quot;:&quot;default.php&quot;,&quot;name&quot;:&quot;Woo-Product-Gallery&quot;}\" data-class=\"Essential_Addons_Elementor\\Elements\\Woo_Product_Gallery\" data-layout=\"grid\" data-page=\"1\" data-args=\"post_type=product&amp;post_status%5B0%5D=publish&amp;post_status%5B1%5D=pending&amp;post_status%5B2%5D=future&amp;posts_per_page=20&amp;order=desc&amp;offset=0&amp;tax_query%5Brelation%5D=AND&amp;tax_query%5B0%5D%5Btaxonomy%5D=product_visibility&amp;tax_query%5B0%5D%5Bfield%5D=name&amp;tax_query%5B0%5D%5Bterms%5D%5B0%5D=exclude-from-search&amp;tax_query%5B0%5D%5Bterms%5D%5B1%5D=exclude-from-catalog&amp;tax_query%5B0%5D%5Boperator%5D=NOT+IN&amp;tax_query%5B1%5D%5Brelation%5D=OR&amp;tax_query%5B1%5D%5B0%5D%5Btaxonomy%5D=product_cat&amp;tax_query%5B1%5D%5B0%5D%5Bfield%5D=term_id&amp;tax_query%5B1%5D%5B0%5D%5Bterms%5D=19&amp;tax_query%5B1%5D%5B0%5D%5Boperator%5D=IN&amp;orderby=date&amp;meta_query%5Brelation%5D=AND\" data-max-page=\"1\">\n                    <span class=\"eael-btn-loader button__loader\"><\/span>\n                    <span class=\"eael_load_more_text\"><\/span>\n                <\/button>\n            <\/div>\n                        <\/div>\n        <\/div>\n        <script type=\"text\/javascript\">\n\t\t\tjQuery(document).ready(function ($) {\n\t\t\t\tvar $scope = jQuery(\".elementor-element-ac16fa9\");\n\t\t\t\tvar $products = $('.products', $scope);\n\t\t\t\tvar $layout_mode = $products.data('layout-mode');\n\n\t\t\t\tif ($layout_mode === 'masonry') {\n\t\t\t\t\t\/\/ init isotope\n\t\t\t\t\tvar $isotope_products = $products.isotope({\n\t\t\t\t\t\t                                          itemSelector: \"li.product\",\n\t\t\t\t\t\t                                          layoutMode: $layout_mode,\n\t\t\t\t\t\t                                          percentPosition: true\n\t\t\t\t\t                                          });\n\n\t\t\t\t\t$isotope_products.imagesLoaded().progress(function () {\n\t\t\t\t\t\t$isotope_products.isotope('layout');\n\t\t\t\t\t})\n\n\t\t\t\t\t$(window).on('resize', function () {\n\t\t\t\t\t\t$isotope_products.isotope('layout');\n\t\t\t\t\t});\n\t\t\t\t}\n\t\t\t});\n        <\/script>\n\t\t\t\t<\/div>\n\t\t\t\t<\/div>\n\t\t\t\t\t<\/div>\n\t\t\t\t<\/div>\n\t\t\t\t\t\t\t<\/div>\n\t\t","protected":false},"excerpt":{"rendered":"<p>Prodaja Stambeni prostor\u00a0Dubrova\u010dka\u00a0na Dor\u0107olu projektovan je tako da odgovara raznim \u017eivotnim stilovima, obezbe\u0111uju\u0107i udobnost i komfor u urbanom delu grada, uz istovremeni ose\u0107aj privatnosti i funkcionalnost. Blizina Dunavskog keja, mesto bez gradske buke na kome Vas i va\u0161u porodicu o\u010dekuje miran \u017eivot na svega nekoliko minuta hoda od najva\u017enijih znamenitosti Starog grada. Stambene jedinice su [&hellip;]<\/p>\n","protected":false},"author":1,"featured_media":0,"parent":0,"menu_order":0,"comment_status":"closed","ping_status":"closed","template":"elementor_header_footer","meta":{"_mi_skip_tracking":false,"_monsterinsights_sitenote_active":false,"_monsterinsights_sitenote_note":"","_monsterinsights_sitenote_category":0,"footnotes":""},"class_list":["post-29","page","type-page","status-publish","hentry"],"aioseo_notices":[],"_links":{"self":[{"href":"https:\/\/enmonnekretnine.rs\/index.php\/wp-json\/wp\/v2\/pages\/29","targetHints":{"allow":["GET"]}}],"collection":[{"href":"https:\/\/enmonnekretnine.rs\/index.php\/wp-json\/wp\/v2\/pages"}],"about":[{"href":"https:\/\/enmonnekretnine.rs\/index.php\/wp-json\/wp\/v2\/types\/page"}],"author":[{"embeddable":true,"href":"https:\/\/enmonnekretnine.rs\/index.php\/wp-json\/wp\/v2\/users\/1"}],"replies":[{"embeddable":true,"href":"https:\/\/enmonnekretnine.rs\/index.php\/wp-json\/wp\/v2\/comments?post=29"}],"version-history":[{"count":64,"href":"https:\/\/enmonnekretnine.rs\/index.php\/wp-json\/wp\/v2\/pages\/29\/revisions"}],"predecessor-version":[{"id":1352,"href":"https:\/\/enmonnekretnine.rs\/index.php\/wp-json\/wp\/v2\/pages\/29\/revisions\/1352"}],"wp:attachment":[{"href":"https:\/\/enmonnekretnine.rs\/index.php\/wp-json\/wp\/v2\/media?parent=29"}],"curies":[{"name":"wp","href":"https:\/\/api.w.org\/{rel}","templated":true}]}}